{"id":184,"date":"2022-10-21T16:45:36","date_gmt":"2022-10-21T16:45:36","guid":{"rendered":"https:\/\/exciting-joliot.162-55-128-241.plesk.page\/?page_id=184"},"modified":"2022-10-21T16:51:03","modified_gmt":"2022-10-21T16:51:03","slug":"impressum","status":"publish","type":"page","link":"https:\/\/kleiss-immobilien.at\/?page_id=184","title":{"rendered":"Impressum"},"content":{"rendered":"\t\t<div data-elementor-type=\"wp-page\" data-elementor-id=\"184\" class=\"elementor elementor-184\">\n\t\t\t\t\t\t\t\t\t<section class=\"elementor-section elementor-top-section elementor-element elementor-element-413dfa3 elementor-section-boxed elementor-section-height-default elementor-section-height-default\" data-id=\"413dfa3\" data-element_type=\"section\">\n\t\t\t\t\t\t<div class=\"elementor-container elementor-column-gap-default\">\n\t\t\t\t\t<div class=\"elementor-column elementor-col-100 elementor-top-column elementor-element elementor-element-194398a\" data-id=\"194398a\" data-element_type=\"column\">\n\t\t\t<div class=\"elementor-widget-wrap elementor-element-populated\">\n\t\t\t\t\t\t\t\t<div class=\"elementor-element elementor-element-b9a7486 elementor-widget elementor-widget-heading\" data-id=\"b9a7486\" data-element_type=\"widget\" data-widget_type=\"heading.default\">\n\t\t\t\t<div class=\"elementor-widget-container\">\n\t\t\t<style>\/*! elementor - v3.7.8 - 02-10-2022 *\/\n.elementor-heading-title{padding:0;margin:0;line-height:1}.elementor-widget-heading .elementor-heading-title[class*=elementor-size-]>a{color:inherit;font-size:inherit;line-height:inherit}.elementor-widget-heading .elementor-heading-title.elementor-size-small{font-size:15px}.elementor-widget-heading .elementor-heading-title.elementor-size-medium{font-size:19px}.elementor-widget-heading .elementor-heading-title.elementor-size-large{font-size:29px}.elementor-widget-heading .elementor-heading-title.elementor-size-xl{font-size:39px}.elementor-widget-heading .elementor-heading-title.elementor-size-xxl{font-size:59px}<\/style><h2 class=\"elementor-heading-title elementor-size-default\">Impressum<\/h2>\t\t<\/div>\n\t\t\t\t<\/div>\n\t\t\t\t<div class=\"elementor-element elementor-element-ee41583 elementor-widget elementor-widget-text-editor\" data-id=\"ee41583\" data-element_type=\"widget\" data-widget_type=\"text-editor.default\">\n\t\t\t\t<div class=\"elementor-widget-container\">\n\t\t\t<style>\/*! elementor - v3.7.8 - 02-10-2022 *\/\n.elementor-widget-text-editor.elementor-drop-cap-view-stacked .elementor-drop-cap{background-color:#818a91;color:#fff}.elementor-widget-text-editor.elementor-drop-cap-view-framed .elementor-drop-cap{color:#818a91;border:3px solid;background-color:transparent}.elementor-widget-text-editor:not(.elementor-drop-cap-view-default) .elementor-drop-cap{margin-top:8px}.elementor-widget-text-editor:not(.elementor-drop-cap-view-default) .elementor-drop-cap-letter{width:1em;height:1em}.elementor-widget-text-editor .elementor-drop-cap{float:left;text-align:center;line-height:1;font-size:50px}.elementor-widget-text-editor .elementor-drop-cap-letter{display:inline-block}<\/style>\t\t\t\t<p class=\"adsimple-121963434\">Klei\u00df Immobilien GmbH<br \/>Holzheimer Stra\u00dfe 60<br \/>4060 Leonding<br \/>\u00d6sterreich<\/p><p class=\"adsimple-121963434\"><strong>Unternehmensgegenstand:<\/strong> Immobilienverwaltung und -vermietung<br \/><strong>Firmenbuchnummer:<\/strong> FN 560120 g<br \/><strong>Firmenbuchgericht:<\/strong>\u00a0Landesgericht Linz<br \/><strong>Firmensitz:<\/strong>\u00a04060 Leonding<\/p><p class=\"adsimple-121963434\"><strong>Tel.:<\/strong> +4369916838380<br \/><strong>E-Mail:<\/strong> horst.kleiss@gmx.com<\/p><p><strong>Gesch\u00e4ftsf\u00fchrer<\/strong><br \/>Herr Kleiss Horst\u00a0<br \/>alleinvertretungsberechtigt<\/p><p><strong>Gesellschafter<\/strong><br \/>Herr Kleiss Horst\u00a0<\/p><p class=\"adsimple-121963434\"><strong>Mitglied bei:<\/strong>\u00a0WKO O\u00d6<br \/><strong>Berufsrecht:<\/strong>\u00a0Gewerbeordnung: www.ris.bka.gv.at<\/p><p class=\"adsimple-121963434\"><strong>Aufsichtsbeh\u00f6rde\/Gewerbebeh\u00f6rde:<\/strong>\u00a0Bezirkshauptmannschaft Linz-Land<br \/><strong>Berufsbezeichnung:<\/strong>\u00a0Immobilienverwaltung und -vermietung<br \/><strong>Verleihungsstaat:<\/strong>\u00a0\u00d6sterreich<\/p>\t\t\t\t\t\t<\/div>\n\t\t\t\t<\/div>\n\t\t\t\t\t<\/div>\n\t\t<\/div>\n\t\t\t\t\t\t\t<\/div>\n\t\t<\/section>\n\t\t\t\t\t\t\t<\/div>\n\t\t","protected":false},"excerpt":{"rendered":"<p>Impressum Klei\u00df Immobilien GmbHHolzheimer Stra\u00dfe 604060 Leonding\u00d6sterreich Unternehmensgegenstand: Immobilienverwaltung und -vermietungFirmenbuchnummer: FN 560120 gFirmenbuchgericht:\u00a0Landesgericht LinzFirmensitz:\u00a04060 Leonding Tel.: +4369916838380E-Mail: horst.kleiss@gmx.com Gesch\u00e4ftsf\u00fchrerHerr Kleiss Horst\u00a0alleinvertretungsberechtigt GesellschafterHerr Kleiss Horst\u00a0 Mitglied bei:\u00a0WKO O\u00d6Berufsrecht:\u00a0Gewerbeordnung: www.ris.bka.gv.at Aufsichtsbeh\u00f6rde\/Gewerbebeh\u00f6rde:\u00a0Bezirkshauptmannschaft Linz-LandBerufsbezeichnung:\u00a0Immobilienverwaltung und -vermietungVerleihungsstaat:\u00a0\u00d6sterreich<\/p>\n","protected":false},"author":1,"featured_media":0,"parent":0,"menu_order":0,"comment_status":"closed","ping_status":"closed","template":"","meta":{"site-sidebar-layout":"no-sidebar","site-content-layout":"page-builder","ast-global-header-display":"","ast-main-header-display":"","ast-hfb-above-header-display":"","ast-hfb-below-header-display":"","ast-hfb-mobile-header-display":"","site-post-title":"disabled","ast-breadcrumbs-content":"","ast-featured-img":"disabled","footer-sml-layout":"","theme-transparent-header-meta":"","adv-header-id-meta":"","stick-header-meta":"","header-above-stick-meta":"","header-main-stick-meta":"","header-below-stick-meta":""},"yoast_head":"<!-- This site is optimized with the Yoast SEO plugin v19.8 - https:\/\/yoast.com\/wordpress\/plugins\/seo\/ -->\n<title>Impressum - KLEISS Immobilien<\/title>\n<meta name=\"robots\" content=\"index, follow, max-snippet:-1, max-image-preview:large, max-video-preview:-1\" \/>\n<link rel=\"canonical\" href=\"https:\/\/kleiss-immobilien.at\/?page_id=184\" \/>\n<meta property=\"og:locale\" content=\"de_DE\" \/>\n<meta property=\"og:type\" content=\"article\" \/>\n<meta property=\"og:title\" content=\"Impressum - KLEISS Immobilien\" \/>\n<meta property=\"og:description\" content=\"Impressum Klei\u00df Immobilien GmbHHolzheimer Stra\u00dfe 604060 Leonding\u00d6sterreich Unternehmensgegenstand: Immobilienverwaltung und -vermietungFirmenbuchnummer: FN 560120 gFirmenbuchgericht:\u00a0Landesgericht LinzFirmensitz:\u00a04060 Leonding Tel.: +4369916838380E-Mail: horst.kleiss@gmx.com Gesch\u00e4ftsf\u00fchrerHerr Kleiss Horst\u00a0alleinvertretungsberechtigt GesellschafterHerr Kleiss Horst\u00a0 Mitglied bei:\u00a0WKO O\u00d6Berufsrecht:\u00a0Gewerbeordnung: www.ris.bka.gv.at Aufsichtsbeh\u00f6rde\/Gewerbebeh\u00f6rde:\u00a0Bezirkshauptmannschaft Linz-LandBerufsbezeichnung:\u00a0Immobilienverwaltung und -vermietungVerleihungsstaat:\u00a0\u00d6sterreich\" \/>\n<meta property=\"og:url\" content=\"https:\/\/kleiss-immobilien.at\/?page_id=184\" \/>\n<meta property=\"og:site_name\" content=\"KLEISS Immobilien\" \/>\n<meta property=\"article:modified_time\" content=\"2022-10-21T16:51:03+00:00\" \/>\n<meta name=\"twitter:card\" content=\"summary_large_image\" \/>\n<script type=\"application\/ld+json\" class=\"yoast-schema-graph\">{\"@context\":\"https:\/\/schema.org\",\"@graph\":[{\"@type\":\"WebPage\",\"@id\":\"https:\/\/kleiss-immobilien.at\/?page_id=184\",\"url\":\"https:\/\/kleiss-immobilien.at\/?page_id=184\",\"name\":\"Impressum - KLEISS Immobilien\",\"isPartOf\":{\"@id\":\"https:\/\/kleiss-immobilien.at\/#website\"},\"datePublished\":\"2022-10-21T16:45:36+00:00\",\"dateModified\":\"2022-10-21T16:51:03+00:00\",\"breadcrumb\":{\"@id\":\"https:\/\/kleiss-immobilien.at\/?page_id=184#breadcrumb\"},\"inLanguage\":\"de\",\"potentialAction\":[{\"@type\":\"ReadAction\",\"target\":[\"https:\/\/kleiss-immobilien.at\/?page_id=184\"]}]},{\"@type\":\"BreadcrumbList\",\"@id\":\"https:\/\/kleiss-immobilien.at\/?page_id=184#breadcrumb\",\"itemListElement\":[{\"@type\":\"ListItem\",\"position\":1,\"name\":\"Startseite\",\"item\":\"https:\/\/kleiss-immobilien.at\/\"},{\"@type\":\"ListItem\",\"position\":2,\"name\":\"Impressum\"}]},{\"@type\":\"WebSite\",\"@id\":\"https:\/\/kleiss-immobilien.at\/#website\",\"url\":\"https:\/\/kleiss-immobilien.at\/\",\"name\":\"KLEISS Immobilien\",\"description\":\"B\u00fcrofl\u00e4chen in Leonding\",\"potentialAction\":[{\"@type\":\"SearchAction\",\"target\":{\"@type\":\"EntryPoint\",\"urlTemplate\":\"https:\/\/kleiss-immobilien.at\/?s={search_term_string}\"},\"query-input\":\"required name=search_term_string\"}],\"inLanguage\":\"de\"}]}<\/script>\n<!-- \/ Yoast SEO plugin. -->","yoast_head_json":{"title":"Impressum - KLEISS Immobilien","robots":{"index":"index","follow":"follow","max-snippet":"max-snippet:-1","max-image-preview":"max-image-preview:large","max-video-preview":"max-video-preview:-1"},"canonical":"https:\/\/kleiss-immobilien.at\/?page_id=184","og_locale":"de_DE","og_type":"article","og_title":"Impressum - KLEISS Immobilien","og_description":"Impressum Klei\u00df Immobilien GmbHHolzheimer Stra\u00dfe 604060 Leonding\u00d6sterreich Unternehmensgegenstand: Immobilienverwaltung und -vermietungFirmenbuchnummer: FN 560120 gFirmenbuchgericht:\u00a0Landesgericht LinzFirmensitz:\u00a04060 Leonding Tel.: +4369916838380E-Mail: horst.kleiss@gmx.com Gesch\u00e4ftsf\u00fchrerHerr Kleiss Horst\u00a0alleinvertretungsberechtigt GesellschafterHerr Kleiss Horst\u00a0 Mitglied bei:\u00a0WKO O\u00d6Berufsrecht:\u00a0Gewerbeordnung: www.ris.bka.gv.at Aufsichtsbeh\u00f6rde\/Gewerbebeh\u00f6rde:\u00a0Bezirkshauptmannschaft Linz-LandBerufsbezeichnung:\u00a0Immobilienverwaltung und -vermietungVerleihungsstaat:\u00a0\u00d6sterreich","og_url":"https:\/\/kleiss-immobilien.at\/?page_id=184","og_site_name":"KLEISS Immobilien","article_modified_time":"2022-10-21T16:51:03+00:00","twitter_card":"summary_large_image","schema":{"@context":"https:\/\/schema.org","@graph":[{"@type":"WebPage","@id":"https:\/\/kleiss-immobilien.at\/?page_id=184","url":"https:\/\/kleiss-immobilien.at\/?page_id=184","name":"Impressum - KLEISS Immobilien","isPartOf":{"@id":"https:\/\/kleiss-immobilien.at\/#website"},"datePublished":"2022-10-21T16:45:36+00:00","dateModified":"2022-10-21T16:51:03+00:00","breadcrumb":{"@id":"https:\/\/kleiss-immobilien.at\/?page_id=184#breadcrumb"},"inLanguage":"de","potentialAction":[{"@type":"ReadAction","target":["https:\/\/kleiss-immobilien.at\/?page_id=184"]}]},{"@type":"BreadcrumbList","@id":"https:\/\/kleiss-immobilien.at\/?page_id=184#breadcrumb","itemListElement":[{"@type":"ListItem","position":1,"name":"Startseite","item":"https:\/\/kleiss-immobilien.at\/"},{"@type":"ListItem","position":2,"name":"Impressum"}]},{"@type":"WebSite","@id":"https:\/\/kleiss-immobilien.at\/#website","url":"https:\/\/kleiss-immobilien.at\/","name":"KLEISS Immobilien","description":"B\u00fcrofl\u00e4chen in Leonding","potentialAction":[{"@type":"SearchAction","target":{"@type":"EntryPoint","urlTemplate":"https:\/\/kleiss-immobilien.at\/?s={search_term_string}"},"query-input":"required name=search_term_string"}],"inLanguage":"de"}]}},"_links":{"self":[{"href":"https:\/\/kleiss-immobilien.at\/index.php?rest_route=\/wp\/v2\/pages\/184"}],"collection":[{"href":"https:\/\/kleiss-immobilien.at\/index.php?rest_route=\/wp\/v2\/pages"}],"about":[{"href":"https:\/\/kleiss-immobilien.at\/index.php?rest_route=\/wp\/v2\/types\/page"}],"author":[{"embeddable":true,"href":"https:\/\/kleiss-immobilien.at\/index.php?rest_route=\/wp\/v2\/users\/1"}],"replies":[{"embeddable":true,"href":"https:\/\/kleiss-immobilien.at\/index.php?rest_route=%2Fwp%2Fv2%2Fcomments&post=184"}],"version-history":[{"count":7,"href":"https:\/\/kleiss-immobilien.at\/index.php?rest_route=\/wp\/v2\/pages\/184\/revisions"}],"predecessor-version":[{"id":191,"href":"https:\/\/kleiss-immobilien.at\/index.php?rest_route=\/wp\/v2\/pages\/184\/revisions\/191"}],"wp:attachment":[{"href":"https:\/\/kleiss-immobilien.at\/index.php?rest_route=%2Fwp%2Fv2%2Fmedia&parent=184"}],"curies":[{"name":"wp","href":"https:\/\/api.w.org\/{rel}","templated":true}]}}